{"id":76,"date":"2019-11-26T10:09:17","date_gmt":"2019-11-26T10:09:17","guid":{"rendered":"https:\/\/koolex.ca\/?product=refrigerant-gas-r-404a"},"modified":"2020-06-05T08:47:43","modified_gmt":"2020-06-05T08:47:43","slug":"refrigerant-gas-r-404a","status":"publish","type":"product","link":"https:\/\/koolex.ca\/fr\/catalog\/refrigerant-gas-r-404a\/","title":{"rendered":"R-404A"},"content":{"rendered":"<p>Le R-404A est un m\u00e9lange HFC \u00abpresque az\u00e9otropique\u00bb de 44% de R-125 (pentafluoro\u00e9thane) + 52% de R-143a (1,1,1-trifluoro\u00e9thane) et 4% de R-134a (t\u00e9trafluoro\u00e9thane). Il est con\u00e7u pour remplacer le R-22 et le R-502 CFC (chlorofluorocarbone). Sa densit\u00e9 liquide est de 0,485 g \/ cm3. Les hydrofluorocarbures sont des gaz ou des liquides incolores, inodores, non-inflammables et non corrosifs de faible toxicit\u00e9 principalement utilis\u00e9s dans les syst\u00e8mes de climatisation des v\u00e9hicules automobiles plus r\u00e9cents, des r\u00e9frig\u00e9rateurs et des cong\u00e9lateurs comme liquide de refroidissement \/ r\u00e9frig\u00e9rant. Il est \u00e9galement utilis\u00e9 comme propulseur d'a\u00e9rosols par l'industrie pharmaceutique et pour le soufflage de mousse plastique dans l'industrie manufacturi\u00e8re.<\/p>","protected":false},"excerpt":{"rendered":"<p>Le R-404A appartient \u00e0 un groupe de produits chimiques appel\u00e9s hydrofluorocarbures (HFC) et est \u00e9galement appel\u00e9 HFC R-404A.<\/p>","protected":false},"featured_media":195,"template":"","meta":{"ocean_post_layout":"","ocean_both_sidebars_style":"","ocean_both_sidebars_content_width":0,"ocean_both_sidebars_sidebars_width":0,"ocean_sidebar":"0","ocean_second_sidebar":"0","ocean_disable_margins":"enable","ocean_add_body_class":"","ocean_shortcode_before_top_bar":"","ocean_shortcode_after_top_bar":"","ocean_shortcode_before_header":"","ocean_shortcode_after_header":"","ocean_has_shortcode":"","ocean_shortcode_after_title":"","ocean_shortcode_before_footer_widgets":"","ocean_shortcode_after_footer_widgets":"","ocean_shortcode_before_footer_bottom":"","ocean_shortcode_after_footer_bottom":"","ocean_display_top_bar":"default","ocean_display_header":"default","ocean_header_style":"","ocean_center_header_left_menu":"0","ocean_custom_header_template":"0","ocean_custom_logo":0,"ocean_custom_retina_logo":0,"ocean_custom_logo_max_width":0,"ocean_custom_logo_tablet_max_width":0,"ocean_custom_logo_mobile_max_width":0,"ocean_custom_logo_max_height":0,"ocean_custom_logo_tablet_max_height":0,"ocean_custom_logo_mobile_max_height":0,"ocean_header_custom_menu":"0","ocean_menu_typo_font_family":"0","ocean_menu_typo_font_subset":"","ocean_menu_typo_font_size":0,"ocean_menu_typo_font_size_tablet":0,"ocean_menu_typo_font_size_mobile":0,"ocean_menu_typo_font_size_unit":"px","ocean_menu_typo_font_weight":"","ocean_menu_typo_font_weight_tablet":"","ocean_menu_typo_font_weight_mobile":"","ocean_menu_typo_transform":"","ocean_menu_typo_transform_tablet":"","ocean_menu_typo_transform_mobile":"","ocean_menu_typo_line_height":0,"ocean_menu_typo_line_height_tablet":0,"ocean_menu_typo_line_height_mobile":0,"ocean_menu_typo_line_height_unit":"","ocean_menu_typo_spacing":0,"ocean_menu_typo_spacing_tablet":0,"ocean_menu_typo_spacing_mobile":0,"ocean_menu_typo_spacing_unit":"","ocean_menu_link_color":"","ocean_menu_link_color_hover":"","ocean_menu_link_color_active":"","ocean_menu_link_background":"","ocean_menu_link_hover_background":"","ocean_menu_link_active_background":"","ocean_menu_social_links_bg":"","ocean_menu_social_hover_links_bg":"","ocean_menu_social_links_color":"","ocean_menu_social_hover_links_color":"","ocean_disable_title":"default","ocean_disable_heading":"default","ocean_post_title":"Refrigerant Gas R-404A ( R-125 + R-134A + R-143A Blend)","ocean_post_subheading":"","ocean_post_title_style":"","ocean_post_title_background_color":"","ocean_post_title_background":0,"ocean_post_title_bg_image_position":"","ocean_post_title_bg_image_attachment":"","ocean_post_title_bg_image_repeat":"","ocean_post_title_bg_image_size":"","ocean_post_title_height":0,"ocean_post_title_bg_overlay":0.5,"ocean_post_title_bg_overlay_color":"","ocean_disable_breadcrumbs":"default","ocean_breadcrumbs_color":"","ocean_breadcrumbs_separator_color":"","ocean_breadcrumbs_links_color":"","ocean_breadcrumbs_links_hover_color":"","ocean_display_footer_widgets":"default","ocean_display_footer_bottom":"default","ocean_custom_footer_template":"0"},"product_brand":[],"product_cat":[21,25,19,26],"product_tag":[],"class_list":{"0":"post-76","1":"product","2":"type-product","3":"status-publish","4":"has-post-thumbnail","6":"product_cat-commercial-refrigeration","7":"product_cat-industrial-refrigeration","8":"product_cat-refrigerant-gas","9":"product_cat-transport-refrigeration","11":"entry","12":"has-media","14":"first","15":"instock","16":"shipping-taxable","17":"purchasable","18":"product-type-variable","19":"has-product-nav","20":"col","21":"span_1_of_3","22":"owp-content-center","23":"item-entry","24":"owp-thumbs-layout-horizontal","25":"owp-btn-normal","26":"owp-tabs-layout-horizontal","27":"has-no-thumbnails","29":"circle-sale"},"_links":{"self":[{"href":"https:\/\/koolex.ca\/fr\/wp-json\/wp\/v2\/product\/76","targetHints":{"allow":["GET"]}}],"collection":[{"href":"https:\/\/koolex.ca\/fr\/wp-json\/wp\/v2\/product"}],"about":[{"href":"https:\/\/koolex.ca\/fr\/wp-json\/wp\/v2\/types\/product"}],"wp:featuredmedia":[{"embeddable":true,"href":"https:\/\/koolex.ca\/fr\/wp-json\/wp\/v2\/media\/195"}],"wp:attachment":[{"href":"https:\/\/koolex.ca\/fr\/wp-json\/wp\/v2\/media?parent=76"}],"wp:term":[{"taxonomy":"product_brand","embeddable":true,"href":"https:\/\/koolex.ca\/fr\/wp-json\/wp\/v2\/product_brand?post=76"},{"taxonomy":"product_cat","embeddable":true,"href":"https:\/\/koolex.ca\/fr\/wp-json\/wp\/v2\/product_cat?post=76"},{"taxonomy":"product_tag","embeddable":true,"href":"https:\/\/koolex.ca\/fr\/wp-json\/wp\/v2\/product_tag?post=76"}],"curies":[{"name":"wp","href":"https:\/\/api.w.org\/{rel}","templated":true}]}}